{"id":22,"date":"2021-11-05T21:06:07","date_gmt":"2021-11-06T00:06:07","guid":{"rendered":"http:\/\/japao.zpublicidade.com\/?page_id=22"},"modified":"2021-11-05T21:14:46","modified_gmt":"2021-11-06T00:14:46","slug":"nossa-historia","status":"publish","type":"page","link":"https:\/\/japao.zpublicidade.com\/index.php\/nossa-historia\/","title":{"rendered":"NOSSA HIST\u00d3RIA"},"content":{"rendered":"\n<section class=\"wp-block-uagb-section uagb-section__wrap uagb-section__background-undefined uagb-block-72646421\"><div class=\"uagb-section__overlay\"><\/div><div class=\"uagb-section__inner-wrap\">\n<p>Jap\u00e3o (em japon\u00eas: \u65e5\u672c; romaniz.: Nihon, Nippon ou, arcaicamente, Jippon; oficialmente \u65e5\u672c\u56fd, Sobre este somNippon-koku (ajuda\u00b7info) ou koku, tradu\u00e7\u00e3o literal: Estado do Jap\u00e3o) \u00e9 um pa\u00eds insular da \u00c1sia Oriental. Localizado no Oceano Pac\u00edfico, a leste do Mar do Jap\u00e3o, da Rep\u00fablica Popular da China, da Coreia do Norte, da Coreia do Sul e da R\u00fassia, se estendendo do Mar de Okhotsk, no norte, ao Mar da China Oriental e Taiwan, ao sul. Os caracteres que comp\u00f5em seu nome significam &#8220;Origem do Sol&#8221;, raz\u00e3o pela qual o Jap\u00e3o \u00e9 \u00e0s vezes identificado como a &#8220;Terra do Sol Nascente&#8221;.<\/p>\n\n\n\n<p>O pa\u00eds \u00e9 um arquip\u00e9lago de 6 852 ilhas, cujas quatro maiores s\u00e3o Honshu, Hokkaido, Kyushu e Shikoku, representando em conjunto 97% da \u00e1rea terrestre nacional. A maior parte das ilhas \u00e9 montanhosa, com muitos vulc\u00f5es como, por exemplo, os Alpes japoneses e o Monte Fuji. O Jap\u00e3o possui a d\u00e9cima maior popula\u00e7\u00e3o do mundo, com cerca de 128 milh\u00f5es de habitantes. A Regi\u00e3o Metropolitana de T\u00f3quio, que inclui a capital de facto de T\u00f3quio e v\u00e1rias prefeituras adjacentes, \u00e9 a maior \u00e1rea metropolitana do mundo, com mais de 30 milh\u00f5es de habitantes.<\/p>\n\n\n\n<p>Pesquisas arqueol\u00f3gicas indicam que humanos j\u00e1 viviam nas ilhas japonesas no per\u00edodo Paleol\u00edtico Superior. A primeira men\u00e7\u00e3o escrita do Jap\u00e3o come\u00e7a com uma breve apari\u00e7\u00e3o em textos hist\u00f3ricos chineses do s\u00e9culo I d.C.. A influ\u00eancia do resto do mundo seguida por longos per\u00edodos de isolamento tem caracterizado a hist\u00f3ria do pa\u00eds. Desde a sua constitui\u00e7\u00e3o em 1947, o Jap\u00e3o se manteve como uma monarquia constitucional unit\u00e1ria com um imperador e um parlamento eleito, a Dieta.<\/p>\n\n\n\n<p>Como grande pot\u00eancia econ\u00f4mica, possui a terceira maior economia do mundo em PIB nominal e a quarta maior em poder de compra. \u00c9 tamb\u00e9m o quarto maior exportador e o quarto maior importador do mundo, al\u00e9m de ser o \u00fanico pa\u00eds asi\u00e1tico membro do G7. O pa\u00eds mant\u00e9m uma for\u00e7a de seguran\u00e7a moderna e ampla, utilizada para autodefesa e para fun\u00e7\u00f5es de manuten\u00e7\u00e3o da paz. O Jap\u00e3o possui um padr\u00e3o de vida muito alto (17\u00ba maior IDH), com a maior expectativa de vida do mundo (de acordo com estimativas da ONU e da OMS) e a terceira menor taxa de mortalidade infantil.O pa\u00eds tamb\u00e9m faz parte do G20, grupo formado pelas 19 maiores economias do mundo mais a Uni\u00e3o Europeia.<\/p>\n<\/div><\/section>\n","protected":false},"excerpt":{"rendered":"","protected":false},"author":1,"featured_media":0,"parent":0,"menu_order":0,"comment_status":"closed","ping_status":"closed","template":"","meta":{"om_disable_all_campaigns":false,"_monsterinsights_skip_tracking":false,"_monsterinsights_sitenote_active":false,"_monsterinsights_sitenote_note":"","_monsterinsights_sitenote_category":0,"site-sidebar-layout":"","site-content-layout":"","ast-main-header-display":"","ast-hfb-above-header-display":"","ast-hfb-below-header-display":"","ast-hfb-mobile-header-display":"","site-post-title":"","ast-breadcrumbs-content":"","ast-featured-img":"","footer-sml-layout":"","theme-transparent-header-meta":"","adv-header-id-meta":"","stick-header-meta":"","header-above-stick-meta":"","header-main-stick-meta":"","header-below-stick-meta":"","footnotes":""},"class_list":["post-22","page","type-page","status-publish","hentry"],"uagb_featured_image_src":{"full":false,"thumbnail":false,"medium":false,"medium_large":false,"large":false,"1536x1536":false,"2048x2048":false},"uagb_author_info":{"display_name":"japao","author_link":"https:\/\/japao.zpublicidade.com\/index.php\/author\/japao\/"},"uagb_comment_info":0,"uagb_excerpt":null,"_links":{"self":[{"href":"https:\/\/japao.zpublicidade.com\/index.php\/wp-json\/wp\/v2\/pages\/22","targetHints":{"allow":["GET"]}}],"collection":[{"href":"https:\/\/japao.zpublicidade.com\/index.php\/wp-json\/wp\/v2\/pages"}],"about":[{"href":"https:\/\/japao.zpublicidade.com\/index.php\/wp-json\/wp\/v2\/types\/page"}],"author":[{"embeddable":true,"href":"https:\/\/japao.zpublicidade.com\/index.php\/wp-json\/wp\/v2\/users\/1"}],"replies":[{"embeddable":true,"href":"https:\/\/japao.zpublicidade.com\/index.php\/wp-json\/wp\/v2\/comments?post=22"}],"version-history":[{"count":5,"href":"https:\/\/japao.zpublicidade.com\/index.php\/wp-json\/wp\/v2\/pages\/22\/revisions"}],"predecessor-version":[{"id":37,"href":"https:\/\/japao.zpublicidade.com\/index.php\/wp-json\/wp\/v2\/pages\/22\/revisions\/37"}],"wp:attachment":[{"href":"https:\/\/japao.zpublicidade.com\/index.php\/wp-json\/wp\/v2\/media?parent=22"}],"curies":[{"name":"wp","href":"https:\/\/api.w.org\/{rel}","templated":true}]}}